


{"id":742,"date":"2017-03-20T01:57:25","date_gmt":"2017-03-20T01:57:25","guid":{"rendered":"https:\/\/organico.themeftc.com\/\/?page_id=742"},"modified":"2025-06-10T05:14:22","modified_gmt":"2025-06-10T02:14:22","slug":"hakkinda","status":"publish","type":"page","link":"https:\/\/www.tropikturk.com\/tropik\/hakkinda\/","title":{"rendered":"Hakk\u0131nda"},"content":{"rendered":"<div class=\"wpb-content-wrapper\"><p>[vc_row css=&#8221;.vc_custom_1494840085149{margin-top: 15px !important;margin-bottom: 30px !important;}&#8221; el_class=&#8221;about-us&#8221;][vc_column]<div class=\"ftc-heading heading-1 style-1\"><h1>Tropik T\u00fcrk Hakk\u0131nda<\/h1><\/div>[\/vc_column][vc_column width=&#8221;1\/2&#8243;][vc_column_text css_animation=&#8221;fadeIn&#8221; css=&#8221;.vc_custom_1749519678388{margin-bottom: 0px !important;}&#8221;]Tropik T\u00fcrk 2018 y\u0131l\u0131 i\u00e7inde kayda de\u011fer bir yolculukla ba\u015flad\u0131. Sadece sat\u0131\u015f olarak de\u011fil kaliteli fide ve tohumlar ile ara\u015ft\u0131rma odakl\u0131 bir ba\u015flang\u0131\u00e7t\u0131 bu. Tropikal tohum, meyve ve fidan sekt\u00f6r\u00fcnde devrim yaratmaya haz\u0131r bir ticari \u015firketi hedefliyoruz. Bu yolculuk hassas bir \u015fekilde yeti\u015ftirilmi\u015f ilk papaya meyvemizi ticarile\u015ftirme ve piyasaya s\u00fcrme yolunda \u00f6nemli bir ilerleme ile ba\u015flam\u0131\u015ft\u0131.<\/p>\n<p>Y\u0131l boyunca enerjimizin, \u00e7abam\u0131z\u0131n ve dikkatimizin b\u00fcy\u00fck bir k\u0131sm\u0131 piyasaya s\u00fcr\u00fclecek olan \u00fcr\u00fcnlerimizle b\u00fcy\u00fck ba\u015far\u0131lar ya\u015famak isteyerek sahada olaca\u011f\u0131z.<\/p>\n<p>2018 y\u0131l\u0131nda ba\u015flad\u0131\u011f\u0131m\u0131z hizmet kalitesi her zaman rehberimiz olmaya devam edecek. \u00dclkemizi tropikal cennet yapaca\u011f\u0131z kararl\u0131y\u0131z \ud83c\uddf9\ud83c\uddf7<\/p>\n<h2 data-start=\"137\" data-end=\"153\">\ud83e\udd6d Biz Kimiz?<\/h2>\n<p data-start=\"155\" data-end=\"319\"><strong data-start=\"155\" data-end=\"178\">Biz Tropik T\u00fcrk\u2019\u00fcz.<\/strong><br data-start=\"178\" data-end=\"181\" \/>2018 y\u0131l\u0131nda kaliteli fide ve tohumlarla \u00e7\u0131kt\u0131\u011f\u0131m\u0131z bu yolculukta, tropikal meyve ve sebze \u00fcretiminde \u00f6nc\u00fc olmay\u0131 hedefleyen bir markay\u0131z.<\/p>\n<hr data-start=\"321\" data-end=\"324\" \/>\n<h2 data-start=\"326\" data-end=\"347\">\ud83c\udf3f Nas\u0131l Ba\u015flad\u0131k?<\/h2>\n<p data-start=\"349\" data-end=\"563\">\u0130lk olarak <strong data-start=\"360\" data-end=\"370\">papaya<\/strong> meyvemizi ba\u015far\u0131yla ticarile\u015ftirdik. O g\u00fcnden bug\u00fcne do\u011fall\u0131k, sa\u011fl\u0131k ve kalite oda\u011f\u0131m\u0131z oldu. \u00dcretim sahas\u0131nda aktif rol alarak, tropikal \u00fcr\u00fcnleri <strong data-start=\"519\" data-end=\"538\">en taze haliyle<\/strong> sizlerle bulu\u015fturuyoruz.<\/p>\n<hr data-start=\"565\" data-end=\"568\" \/>\n<h2 data-start=\"570\" data-end=\"589\">\ud83c\udf34 Ne Yap\u0131yoruz?<\/h2>\n<ul data-start=\"591\" data-end=\"726\">\n<li data-start=\"591\" data-end=\"624\">\n<p data-start=\"593\" data-end=\"624\">Tropik meyve ve sebze \u00fcretimi<\/p>\n<\/li>\n<li data-start=\"625\" data-end=\"659\">\n<p data-start=\"627\" data-end=\"659\">Yerli tohum ve fide geli\u015ftirme<\/p>\n<\/li>\n<li data-start=\"660\" data-end=\"688\">\n<p data-start=\"662\" data-end=\"688\">Taze ve do\u011frudan da\u011f\u0131t\u0131m<\/p>\n<\/li>\n<li data-start=\"689\" data-end=\"726\">\n<p data-start=\"691\" data-end=\"726\">Sa\u011fl\u0131kl\u0131 ya\u015fam i\u00e7in bilin\u00e7li \u00fcretim<span style=\"color: #666666; font-size: 1.25rem;\">\ud83c\uddf9\ud83c\uddf7<\/span><\/p>\n<\/li>\n<\/ul>\n<hr \/>\n<h2 data-start=\"940\" data-end=\"955\">\u2705 Hedefimiz Ne?<\/h2>\n<p data-start=\"756\" data-end=\"933\">Biz, T\u00fcrkiye\u2019yi tropikal bir cennete d\u00f6n\u00fc\u015ft\u00fcrmeye kararl\u0131y\u0131z.<br data-start=\"817\" data-end=\"820\" \/>Bu ama\u00e7la \u00e7al\u0131\u015f\u0131yor, ara\u015ft\u0131r\u0131yor, \u00fcretiyoruz. Her ge\u00e7en g\u00fcn daha fazla haneye <strong data-start=\"898\" data-end=\"933\">do\u011fall\u0131\u011f\u0131 ve sa\u011fl\u0131\u011f\u0131 ta\u015f\u0131yoruz.<\/strong><\/p>\n<hr \/>\n<h2 data-start=\"940\" data-end=\"955\">\u2705 Neden Biz?<\/h2>\n<p data-start=\"957\" data-end=\"1068\">\u2714 %100 Yerli \u00dcretim<br data-start=\"976\" data-end=\"979\" \/>\u2714 Do\u011frudan Tarladan Sofraya<br data-start=\"1006\" data-end=\"1009\" \/>\u2714 Sa\u011fl\u0131k ve Do\u011fall\u0131k Garantisi<br data-start=\"1039\" data-end=\"1042\" \/>\u2714 Bilin\u00e7li Tar\u0131m Yakla\u015f\u0131m\u0131<\/p>\n<hr \/>\n<h2 data-start=\"1075\" data-end=\"1095\">\ud83c\udf4d Tropik T\u00fcrk:<\/h2>\n<p data-start=\"1096\" data-end=\"1155\"><strong data-start=\"1096\" data-end=\"1155\">Sa\u011fl\u0131kl\u0131 Ya\u015fam\u0131n, Tropik Lezzetin ve G\u00fcvenin Adresiyiz.<\/strong><\/p>\n<p>[\/vc_column_text][\/vc_column][vc_column width=&#8221;1\/2&#8243;]\t\t<div class=\"ftc-smooth-image smooth-image ftc-smooth\">\n\t\t\t\t\t\t\t\t<img fetchpriority=\"high\" decoding=\"async\" width=\"1024\" height=\"1536\" src=\"https:\/\/www.tropikturk.com\/tropik\/wp-content\/uploads\/2025\/06\/Tropik-Turk-hakkinda.png\" class=\"img\" alt=\"\" srcset=\"https:\/\/www.tropikturk.com\/tropik\/wp-content\/uploads\/2025\/06\/Tropik-Turk-hakkinda.png 1024w, https:\/\/www.tropikturk.com\/tropik\/wp-content\/uploads\/2025\/06\/Tropik-Turk-hakkinda-200x300.png 200w, https:\/\/www.tropikturk.com\/tropik\/wp-content\/uploads\/2025\/06\/Tropik-Turk-hakkinda-683x1024.png 683w, https:\/\/www.tropikturk.com\/tropik\/wp-content\/uploads\/2025\/06\/Tropik-Turk-hakkinda-768x1152.png 768w, https:\/\/www.tropikturk.com\/tropik\/wp-content\/uploads\/2025\/06\/Tropik-Turk-hakkinda-600x900.png 600w\" sizes=\"(max-width: 1024px) 100vw, 1024px\" \/> \n\t\t\t\t\t\t\t<\/div>\n\t\t\t\t\t<div class=\"ftc-smooth-image smooth-image ftc-smooth\">\n\t\t\t\t\t\t\t\t<img decoding=\"async\" width=\"512\" height=\"270\" src=\"https:\/\/www.tropikturk.com\/tropik\/wp-content\/uploads\/2020\/10\/Tropik-Turk-logo-mobil.png\" class=\"img\" alt=\"\" srcset=\"https:\/\/www.tropikturk.com\/tropik\/wp-content\/uploads\/2020\/10\/Tropik-Turk-logo-mobil.png 512w, https:\/\/www.tropikturk.com\/tropik\/wp-content\/uploads\/2020\/10\/Tropik-Turk-logo-mobil-300x158.png 300w\" sizes=\"(max-width: 512px) 100vw, 512px\" \/> \n\t\t\t\t\t\t\t<\/div>\n\t\t\t[\/vc_column][\/vc_row]<\/p>\n<\/div>","protected":false},"excerpt":{"rendered":"<p>[vc_row css=&#8221;.vc_custom_1494840085149{margin-top: 15px !important;margin-bottom: 30px !important;}&#8221; el_class=&#8221;about-us&#8221;][vc_column][\/vc_column][vc_column width=&#8221;1\/2&#8243;][vc_column_text css_animation=&#8221;fadeIn&#8221; css=&#8221;.vc_custom_1749519678388{margin-bottom: 0px !important;}&#8221;]Tropik T\u00fcrk 2018 y\u0131l\u0131 i\u00e7inde kayda de\u011fer bir yolculukla ba\u015flad\u0131. Sadece sat\u0131\u015f olarak de\u011fil kaliteli fide ve tohumlar ile ara\u015ft\u0131rma odakl\u0131 bir ba\u015flang\u0131\u00e7t\u0131 bu. Tropikal tohum, meyve ve fidan sekt\u00f6r\u00fcnde devrim yaratmaya haz\u0131r bir ticari \u015firketi hedefliyoruz. Bu yolculuk hassas bir \u015fekilde yeti\u015ftirilmi\u015f ilk &hellip; <\/p>\n<p class=\"link-more\"><a href=\"https:\/\/www.tropikturk.com\/tropik\/hakkinda\/\" class=\"more-link\">Okumaya devam edin<span class=\"screen-reader-text\"> &#8220;Hakk\u0131nda&#8221;<\/span><\/a><\/p>\n","protected":false},"author":1,"featured_media":0,"parent":0,"menu_order":0,"comment_status":"closed","ping_status":"closed","template":"","meta":{"footnotes":""},"class_list":["post-742","page","type-page","status-publish","hentry"],"yoast_head":"<!-- This site is optimized with the Yoast SEO plugin v25.4 - https:\/\/yoast.com\/wordpress\/plugins\/seo\/ -->\n<title>Hakk\u0131nda - Tropik T\u00fcrk - Tropik Meyve \u00dcreticisi<\/title>\n<meta name=\"robots\" content=\"index, follow, max-snippet:-1, max-image-preview:large, max-video-preview:-1\" \/>\n<link rel=\"canonical\" href=\"https:\/\/www.tropikturk.com\/tropik\/hakkinda\/\" \/>\n<meta property=\"og:locale\" content=\"tr_TR\" \/>\n<meta property=\"og:type\" content=\"article\" \/>\n<meta property=\"og:title\" content=\"Hakk\u0131nda - Tropik T\u00fcrk - Tropik Meyve \u00dcreticisi\" \/>\n<meta property=\"og:description\" content=\"[vc_row css=&#8221;.vc_custom_1494840085149{margin-top: 15px !important;margin-bottom: 30px !important;}&#8221; el_class=&#8221;about-us&#8221;][vc_column][\/vc_column][vc_column width=&#8221;1\/2&#8243;][vc_column_text css_animation=&#8221;fadeIn&#8221; css=&#8221;.vc_custom_1749519678388{margin-bottom: 0px !important;}&#8221;]Tropik T\u00fcrk 2018 y\u0131l\u0131 i\u00e7inde kayda de\u011fer bir yolculukla ba\u015flad\u0131. Sadece sat\u0131\u015f olarak de\u011fil kaliteli fide ve tohumlar ile ara\u015ft\u0131rma odakl\u0131 bir ba\u015flang\u0131\u00e7t\u0131 bu. Tropikal tohum, meyve ve fidan sekt\u00f6r\u00fcnde devrim yaratmaya haz\u0131r bir ticari \u015firketi hedefliyoruz. Bu yolculuk hassas bir \u015fekilde yeti\u015ftirilmi\u015f ilk &hellip; Okumaya devam edin &quot;Hakk\u0131nda&quot;\" \/>\n<meta property=\"og:url\" content=\"https:\/\/www.tropikturk.com\/tropik\/hakkinda\/\" \/>\n<meta property=\"og:site_name\" content=\"Tropik T\u00fcrk - Tropik Meyve \u00dcreticisi\" \/>\n<meta property=\"article:modified_time\" content=\"2025-06-10T02:14:22+00:00\" \/>\n<meta name=\"twitter:card\" content=\"summary_large_image\" \/>\n<meta name=\"twitter:label1\" content=\"Tahmini okuma s\u00fcresi\" \/>\n\t<meta name=\"twitter:data1\" content=\"2 dakika\" \/>\n<script type=\"application\/ld+json\" class=\"yoast-schema-graph\">{\"@context\":\"https:\/\/schema.org\",\"@graph\":[{\"@type\":\"WebPage\",\"@id\":\"https:\/\/www.tropikturk.com\/tropik\/hakkinda\/\",\"url\":\"https:\/\/www.tropikturk.com\/tropik\/hakkinda\/\",\"name\":\"Hakk\u0131nda - Tropik T\u00fcrk - Tropik Meyve \u00dcreticisi\",\"isPartOf\":{\"@id\":\"https:\/\/www.tropikturk.com\/tropik\/#website\"},\"datePublished\":\"2017-03-20T01:57:25+00:00\",\"dateModified\":\"2025-06-10T02:14:22+00:00\",\"breadcrumb\":{\"@id\":\"https:\/\/www.tropikturk.com\/tropik\/hakkinda\/#breadcrumb\"},\"inLanguage\":\"tr\",\"potentialAction\":[{\"@type\":\"ReadAction\",\"target\":[\"https:\/\/www.tropikturk.com\/tropik\/hakkinda\/\"]}]},{\"@type\":\"BreadcrumbList\",\"@id\":\"https:\/\/www.tropikturk.com\/tropik\/hakkinda\/#breadcrumb\",\"itemListElement\":[{\"@type\":\"ListItem\",\"position\":1,\"name\":\"Anasayfa\",\"item\":\"https:\/\/www.tropikturk.com\/tropik\/\"},{\"@type\":\"ListItem\",\"position\":2,\"name\":\"Hakk\u0131nda\"}]},{\"@type\":\"WebSite\",\"@id\":\"https:\/\/www.tropikturk.com\/tropik\/#website\",\"url\":\"https:\/\/www.tropikturk.com\/tropik\/\",\"name\":\"Tropik T\u00fcrk -Tropik Meyveler\",\"description\":\"Tropik Meyve ve Sebze Uzman\u0131\",\"publisher\":{\"@id\":\"https:\/\/www.tropikturk.com\/tropik\/#organization\"},\"potentialAction\":[{\"@type\":\"SearchAction\",\"target\":{\"@type\":\"EntryPoint\",\"urlTemplate\":\"https:\/\/www.tropikturk.com\/tropik\/?s={search_term_string}\"},\"query-input\":{\"@type\":\"PropertyValueSpecification\",\"valueRequired\":true,\"valueName\":\"search_term_string\"}}],\"inLanguage\":\"tr\"},{\"@type\":\"Organization\",\"@id\":\"https:\/\/www.tropikturk.com\/tropik\/#organization\",\"name\":\"Tropik T\u00fcrk -Tropik Meyveler\",\"url\":\"https:\/\/www.tropikturk.com\/tropik\/\",\"logo\":{\"@type\":\"ImageObject\",\"inLanguage\":\"tr\",\"@id\":\"https:\/\/www.tropikturk.com\/tropik\/#\/schema\/logo\/image\/\",\"url\":\"https:\/\/www.tropikturk.com\/wp-content\/uploads\/2025\/04\/Tropik-Turk-logo.png\",\"contentUrl\":\"https:\/\/www.tropikturk.com\/wp-content\/uploads\/2025\/04\/Tropik-Turk-logo.png\",\"width\":2048,\"height\":2048,\"caption\":\"Tropik T\u00fcrk -Tropik Meyveler\"},\"image\":{\"@id\":\"https:\/\/www.tropikturk.com\/tropik\/#\/schema\/logo\/image\/\"},\"sameAs\":[\"http:\/\/www.instagram.com\/papayamuzturkiye\",\"https:\/\/www.youtube.com\/@tropikturk\"]}]}<\/script>\n<!-- \/ Yoast SEO plugin. -->","yoast_head_json":{"title":"Hakk\u0131nda - Tropik T\u00fcrk - Tropik Meyve \u00dcreticisi","robots":{"index":"index","follow":"follow","max-snippet":"max-snippet:-1","max-image-preview":"max-image-preview:large","max-video-preview":"max-video-preview:-1"},"canonical":"https:\/\/www.tropikturk.com\/tropik\/hakkinda\/","og_locale":"tr_TR","og_type":"article","og_title":"Hakk\u0131nda - Tropik T\u00fcrk - Tropik Meyve \u00dcreticisi","og_description":"[vc_row css=&#8221;.vc_custom_1494840085149{margin-top: 15px !important;margin-bottom: 30px !important;}&#8221; el_class=&#8221;about-us&#8221;][vc_column][\/vc_column][vc_column width=&#8221;1\/2&#8243;][vc_column_text css_animation=&#8221;fadeIn&#8221; css=&#8221;.vc_custom_1749519678388{margin-bottom: 0px !important;}&#8221;]Tropik T\u00fcrk 2018 y\u0131l\u0131 i\u00e7inde kayda de\u011fer bir yolculukla ba\u015flad\u0131. Sadece sat\u0131\u015f olarak de\u011fil kaliteli fide ve tohumlar ile ara\u015ft\u0131rma odakl\u0131 bir ba\u015flang\u0131\u00e7t\u0131 bu. Tropikal tohum, meyve ve fidan sekt\u00f6r\u00fcnde devrim yaratmaya haz\u0131r bir ticari \u015firketi hedefliyoruz. Bu yolculuk hassas bir \u015fekilde yeti\u015ftirilmi\u015f ilk &hellip; Okumaya devam edin \"Hakk\u0131nda\"","og_url":"https:\/\/www.tropikturk.com\/tropik\/hakkinda\/","og_site_name":"Tropik T\u00fcrk - Tropik Meyve \u00dcreticisi","article_modified_time":"2025-06-10T02:14:22+00:00","twitter_card":"summary_large_image","twitter_misc":{"Tahmini okuma s\u00fcresi":"2 dakika"},"schema":{"@context":"https:\/\/schema.org","@graph":[{"@type":"WebPage","@id":"https:\/\/www.tropikturk.com\/tropik\/hakkinda\/","url":"https:\/\/www.tropikturk.com\/tropik\/hakkinda\/","name":"Hakk\u0131nda - Tropik T\u00fcrk - Tropik Meyve \u00dcreticisi","isPartOf":{"@id":"https:\/\/www.tropikturk.com\/tropik\/#website"},"datePublished":"2017-03-20T01:57:25+00:00","dateModified":"2025-06-10T02:14:22+00:00","breadcrumb":{"@id":"https:\/\/www.tropikturk.com\/tropik\/hakkinda\/#breadcrumb"},"inLanguage":"tr","potentialAction":[{"@type":"ReadAction","target":["https:\/\/www.tropikturk.com\/tropik\/hakkinda\/"]}]},{"@type":"BreadcrumbList","@id":"https:\/\/www.tropikturk.com\/tropik\/hakkinda\/#breadcrumb","itemListElement":[{"@type":"ListItem","position":1,"name":"Anasayfa","item":"https:\/\/www.tropikturk.com\/tropik\/"},{"@type":"ListItem","position":2,"name":"Hakk\u0131nda"}]},{"@type":"WebSite","@id":"https:\/\/www.tropikturk.com\/tropik\/#website","url":"https:\/\/www.tropikturk.com\/tropik\/","name":"Tropik T\u00fcrk -Tropik Meyveler","description":"Tropik Meyve ve Sebze Uzman\u0131","publisher":{"@id":"https:\/\/www.tropikturk.com\/tropik\/#organization"},"potentialAction":[{"@type":"SearchAction","target":{"@type":"EntryPoint","urlTemplate":"https:\/\/www.tropikturk.com\/tropik\/?s={search_term_string}"},"query-input":{"@type":"PropertyValueSpecification","valueRequired":true,"valueName":"search_term_string"}}],"inLanguage":"tr"},{"@type":"Organization","@id":"https:\/\/www.tropikturk.com\/tropik\/#organization","name":"Tropik T\u00fcrk -Tropik Meyveler","url":"https:\/\/www.tropikturk.com\/tropik\/","logo":{"@type":"ImageObject","inLanguage":"tr","@id":"https:\/\/www.tropikturk.com\/tropik\/#\/schema\/logo\/image\/","url":"https:\/\/www.tropikturk.com\/wp-content\/uploads\/2025\/04\/Tropik-Turk-logo.png","contentUrl":"https:\/\/www.tropikturk.com\/wp-content\/uploads\/2025\/04\/Tropik-Turk-logo.png","width":2048,"height":2048,"caption":"Tropik T\u00fcrk -Tropik Meyveler"},"image":{"@id":"https:\/\/www.tropikturk.com\/tropik\/#\/schema\/logo\/image\/"},"sameAs":["http:\/\/www.instagram.com\/papayamuzturkiye","https:\/\/www.youtube.com\/@tropikturk"]}]}},"_links":{"self":[{"href":"https:\/\/www.tropikturk.com\/tropik\/wp-json\/wp\/v2\/pages\/742","targetHints":{"allow":["GET"]}}],"collection":[{"href":"https:\/\/www.tropikturk.com\/tropik\/wp-json\/wp\/v2\/pages"}],"about":[{"href":"https:\/\/www.tropikturk.com\/tropik\/wp-json\/wp\/v2\/types\/page"}],"author":[{"embeddable":true,"href":"https:\/\/www.tropikturk.com\/tropik\/wp-json\/wp\/v2\/users\/1"}],"replies":[{"embeddable":true,"href":"https:\/\/www.tropikturk.com\/tropik\/wp-json\/wp\/v2\/comments?post=742"}],"version-history":[{"count":14,"href":"https:\/\/www.tropikturk.com\/tropik\/wp-json\/wp\/v2\/pages\/742\/revisions"}],"predecessor-version":[{"id":16645,"href":"https:\/\/www.tropikturk.com\/tropik\/wp-json\/wp\/v2\/pages\/742\/revisions\/16645"}],"wp:attachment":[{"href":"https:\/\/www.tropikturk.com\/tropik\/wp-json\/wp\/v2\/media?parent=742"}],"curies":[{"name":"wp","href":"https:\/\/api.w.org\/{rel}","templated":true}]}}